{"id":5001,"date":"2023-01-12T18:51:30","date_gmt":"2023-01-12T18:51:30","guid":{"rendered":"https:\/\/www.explorefaial.com\/about-faial\/manuel-de-arriaga\/"},"modified":"2023-01-24T10:24:18","modified_gmt":"2023-01-24T10:24:18","slug":"manuel-de-arriaga","status":"publish","type":"page","link":"https:\/\/www.explorefaialisland.com\/en\/about-faial\/manuel-de-arriaga\/","title":{"rendered":"Manuel de Arriaga"},"content":{"rendered":"\t\t<div data-elementor-type=\"wp-page\" data-elementor-id=\"5001\" class=\"elementor elementor-5001 elementor-4631\" data-elementor-post-type=\"page\">\n\t\t\t\t\t\t<section class=\"elementor-section elementor-top-section elementor-element elementor-element-b24c993 header01 elementor-section-boxed elementor-section-height-default elementor-section-height-default\" data-id=\"b24c993\" data-element_type=\"section\" data-e-type=\"section\" data-settings=\"{&quot;background_background&quot;:&quot;classic&quot;}\">\n\t\t\t\t\t\t<div class=\"elementor-container elementor-column-gap-default\">\n\t\t\t\t\t<div class=\"elementor-column elementor-col-100 elementor-top-column elementor-element elementor-element-2af4c80\" data-id=\"2af4c80\" data-element_type=\"column\" data-e-type=\"column\">\n\t\t\t<div class=\"elementor-widget-wrap\">\n\t\t\t\t\t\t\t<\/div>\n\t\t<\/div>\n\t\t\t\t\t<\/div>\n\t\t<\/section>\n\t\t\t\t<section class=\"elementor-section elementor-top-section elementor-element elementor-element-93c6c37 elementor-section-boxed elementor-section-height-default elementor-section-height-default\" data-id=\"93c6c37\" data-element_type=\"section\" data-e-type=\"section\">\n\t\t\t\t\t\t<div class=\"elementor-container elementor-column-gap-default\">\n\t\t\t\t\t<div class=\"elementor-column elementor-col-100 elementor-top-column elementor-element elementor-element-657feca\" data-id=\"657feca\" data-element_type=\"column\" data-e-type=\"column\">\n\t\t\t<div class=\"elementor-widget-wrap elementor-element-populated\">\n\t\t\t\t\t\t<div class=\"elementor-element elementor-element-5324cf1 elementor-align-left elementor-widget elementor-widget-button\" data-id=\"5324cf1\" data-element_type=\"widget\" data-e-type=\"widget\" data-widget_type=\"button.default\">\n\t\t\t\t<div class=\"elementor-widget-container\">\n\t\t\t\t\t\t\t\t\t<div class=\"elementor-button-wrapper\">\n\t\t\t\t\t<a class=\"elementor-button elementor-button-link elementor-size-sm\" href=\"https:\/\/www.explorefaialisland.com\/en\/discover\/history\/\">\n\t\t\t\t\t\t<span class=\"elementor-button-content-wrapper\">\n\t\t\t\t\t\t<span class=\"elementor-button-icon\">\n\t\t\t\t<i aria-hidden=\"true\" class=\"fas fa-long-arrow-alt-left\"><\/i>\t\t\t<\/span>\n\t\t\t\t\t\t\t\t\t<span class=\"elementor-button-text\">History<\/span>\n\t\t\t\t\t<\/span>\n\t\t\t\t\t<\/a>\n\t\t\t\t<\/div>\n\t\t\t\t\t\t\t\t<\/div>\n\t\t\t\t<\/div>\n\t\t\t\t<div class=\"elementor-element elementor-element-db2becf elementor-widget elementor-widget-heading\" data-id=\"db2becf\" data-element_type=\"widget\" data-e-type=\"widget\" data-widget_type=\"heading.default\">\n\t\t\t\t<div class=\"elementor-widget-container\">\n\t\t\t\t\t<h1 class=\"elementor-heading-title elementor-size-default\">Manuel de Arriaga<\/h1>\t\t\t\t<\/div>\n\t\t\t\t<\/div>\n\t\t\t\t<div class=\"elementor-element elementor-element-b55900e sub-titulos elementor-widget elementor-widget-text-editor\" data-id=\"b55900e\" data-element_type=\"widget\" data-e-type=\"widget\" data-widget_type=\"text-editor.default\">\n\t\t\t\t<div class=\"elementor-widget-container\">\n\t\t\t\t\t\t\t\t\t<p>Manuel de Arriaga was a writer and a poet. His work reflects his roots, his concerns, and the ideals for which he always fought.<\/p>\t\t\t\t\t\t\t\t<\/div>\n\t\t\t\t<\/div>\n\t\t\t\t<div class=\"elementor-element elementor-element-8dd9bae elementor-widget elementor-widget-image\" data-id=\"8dd9bae\" data-element_type=\"widget\" data-e-type=\"widget\" data-widget_type=\"image.default\">\n\t\t\t\t<div class=\"elementor-widget-container\">\n\t\t\t\t\t\t\t\t\t\t\t\t\t\t\t<img fetchpriority=\"high\" decoding=\"async\" width=\"768\" height=\"497\" src=\"https:\/\/www.explorefaialisland.com\/wp-content\/uploads\/2022\/10\/Manuel-de-Arriaga-768x497.jpeg\" class=\"attachment-medium_large size-medium_large wp-image-1719\" alt=\"\" srcset=\"https:\/\/www.explorefaialisland.com\/wp-content\/uploads\/2022\/10\/Manuel-de-Arriaga-768x497.jpeg 768w, https:\/\/www.explorefaialisland.com\/wp-content\/uploads\/2022\/10\/Manuel-de-Arriaga-300x194.jpeg 300w, https:\/\/www.explorefaialisland.com\/wp-content\/uploads\/2022\/10\/Manuel-de-Arriaga-1024x662.jpeg 1024w, https:\/\/www.explorefaialisland.com\/wp-content\/uploads\/2022\/10\/Manuel-de-Arriaga-1536x993.jpeg 1536w, https:\/\/www.explorefaialisland.com\/wp-content\/uploads\/2022\/10\/Manuel-de-Arriaga-240x155.jpeg 240w, https:\/\/www.explorefaialisland.com\/wp-content\/uploads\/2022\/10\/Manuel-de-Arriaga.jpeg 1670w\" sizes=\"(max-width: 768px) 100vw, 768px\" \/>\t\t\t\t\t\t\t\t\t\t\t\t\t\t\t<\/div>\n\t\t\t\t<\/div>\n\t\t\t\t<div class=\"elementor-element elementor-element-997d11b elementor-widget elementor-widget-text-editor\" data-id=\"997d11b\" data-element_type=\"widget\" data-e-type=\"widget\" data-widget_type=\"text-editor.default\">\n\t\t\t\t<div class=\"elementor-widget-container\">\n\t\t\t\t\t\t\t\t\t<p>Primeiro Presidente da Rep\u00fablica Portuguesa, Manuel Jos\u00e9 de Arriaga Brum da Silveira, nasceu na cidade da Horta, no dia 8 de Julho de 1840, na travessa de S. Francisco, na ent\u00e3o casa do Arco. Hoje designada, Casa Manuel de Arriaga, foi inaugurada em 2011, como casa museu em homenagem ao estadista e \u00e0 Republica Portuguesa que comemorou nesse ano os 100 anos da sua implanta\u00e7\u00e3o.<\/p>\n<p>Oriundo de uma fam\u00edlia aristocrata faialense, formou-se em Direito pela Universidade de Coimbra, onde se revelou um aluno brilhante e um orador not\u00e1vel. Participante ass\u00edduo nas tert\u00falias filos\u00f3ficas e pol\u00edticas coimbr\u00e3s, aderiu ao ide\u00e1rio republicano, estando na origem da cria\u00e7\u00e3o dos seus primeiros centros, em 1882.<\/p>\n<p>Nesse mesmo ano, foi eleito deputado pelo c\u00edrculo do Funchal e em 1890 pelo c\u00edrculo de Lisboa, distinguindo-se no parlamento pela pertin\u00eancia das suas interven\u00e7\u00f5es e decis\u00f5es. Foi um dos autores do programa do Partido Republicano Portugu\u00eas, apresentado em 1891. Ap\u00f3s a implanta\u00e7\u00e3o da Rep\u00fablica foi nomeado para o cargo de reitor da Universidade de Coimbra e pouco tempo depois para o de Procurador-Geral da Rep\u00fablica.<\/p>\n<p>Eleito Presidente da Rep\u00fablica Portuguesa em 2 de Agosto de 1911, exerceu o mandato num per\u00edodo conturbado da vida nacional e internacional. Renunciou ao mesmo em 26 de Maio de 1915, abandonando definitivamente a vida pol\u00edtica.<\/p>\n<p>Manuel de Arriaga, foi escritor e poeta, sendo nas suas obras evidente, as suas ra\u00edzes insulares, as suas preocupa\u00e7\u00f5es e os ideais pelos quais sempre lutou.<\/p>\n<p>Faleceu em Lisboa a 5 de Mar\u00e7o de 1917 e est\u00e1 sepultado no Pante\u00e3o Nacional.<\/p>\n<p>\u00a0<\/p>\n<p>Veja em \u201cmapa interativo\u201d Museus , Manuel de Arriaga<\/p>\n\t\t\t\t\t\t\t\t<\/div>\n\t\t\t\t<\/div>\n\t\t\t\t\t<\/div>\n\t\t<\/div>\n\t\t\t\t\t<\/div>\n\t\t<\/section>\n\t\t\t\t<\/div>\n\t\t","protected":false},"excerpt":{"rendered":"<p>History Manuel de Arriaga was a writer and a poet. His work reflects his roots, his concerns, and the ideals for which he always fought. Primeiro Presidente da Rep\u00fablica Portuguesa, Manuel Jos\u00e9 de Arriaga Brum da Silveira, nasceu na cidade da Horta, no dia 8 de Julho de 1840, na travessa de S. Francisco, na [&hellip;]<\/p>\n","protected":false},"author":2,"featured_media":3624,"parent":4929,"menu_order":0,"comment_status":"closed","ping_status":"closed","template":"","meta":{"footnotes":"","_links_to":"","_links_to_target":""},"class_list":["post-5001","page","type-page","status-publish","has-post-thumbnail","hentry"],"_links":{"self":[{"href":"https:\/\/www.explorefaialisland.com\/en\/wp-json\/wp\/v2\/pages\/5001","targetHints":{"allow":["GET"]}}],"collection":[{"href":"https:\/\/www.explorefaialisland.com\/en\/wp-json\/wp\/v2\/pages"}],"about":[{"href":"https:\/\/www.explorefaialisland.com\/en\/wp-json\/wp\/v2\/types\/page"}],"author":[{"embeddable":true,"href":"https:\/\/www.explorefaialisland.com\/en\/wp-json\/wp\/v2\/users\/2"}],"replies":[{"embeddable":true,"href":"https:\/\/www.explorefaialisland.com\/en\/wp-json\/wp\/v2\/comments?post=5001"}],"version-history":[{"count":0,"href":"https:\/\/www.explorefaialisland.com\/en\/wp-json\/wp\/v2\/pages\/5001\/revisions"}],"up":[{"embeddable":true,"href":"https:\/\/www.explorefaialisland.com\/en\/wp-json\/wp\/v2\/pages\/4929"}],"wp:featuredmedia":[{"embeddable":true,"href":"https:\/\/www.explorefaialisland.com\/en\/wp-json\/wp\/v2\/media\/3624"}],"wp:attachment":[{"href":"https:\/\/www.explorefaialisland.com\/en\/wp-json\/wp\/v2\/media?parent=5001"}],"curies":[{"name":"wp","href":"https:\/\/api.w.org\/{rel}","templated":true}]}}