{"id":4999,"date":"2023-01-12T18:43:06","date_gmt":"2023-01-12T18:43:06","guid":{"rendered":"https:\/\/www.explorefaial.com\/about-faial\/dabney-family-1804-1892\/"},"modified":"2023-01-18T00:34:51","modified_gmt":"2023-01-18T00:34:51","slug":"dabney-family-1804-1892","status":"publish","type":"page","link":"https:\/\/www.explorefaialisland.com\/en\/about-faial\/dabney-family-1804-1892\/","title":{"rendered":"Dabney Family 1804-1892"},"content":{"rendered":"\t\t<div data-elementor-type=\"wp-page\" data-elementor-id=\"4999\" class=\"elementor elementor-4999 elementor-4618\" data-elementor-post-type=\"page\">\n\t\t\t\t\t\t<section class=\"elementor-section elementor-top-section elementor-element elementor-element-b24c993 header01 elementor-section-boxed elementor-section-height-default elementor-section-height-default\" data-id=\"b24c993\" data-element_type=\"section\" data-e-type=\"section\" data-settings=\"{&quot;background_background&quot;:&quot;classic&quot;}\">\n\t\t\t\t\t\t<div class=\"elementor-container elementor-column-gap-default\">\n\t\t\t\t\t<div class=\"elementor-column elementor-col-100 elementor-top-column elementor-element elementor-element-2af4c80\" data-id=\"2af4c80\" data-element_type=\"column\" data-e-type=\"column\">\n\t\t\t<div class=\"elementor-widget-wrap\">\n\t\t\t\t\t\t\t<\/div>\n\t\t<\/div>\n\t\t\t\t\t<\/div>\n\t\t<\/section>\n\t\t\t\t<section class=\"elementor-section elementor-top-section elementor-element elementor-element-93c6c37 elementor-section-boxed elementor-section-height-default elementor-section-height-default\" data-id=\"93c6c37\" data-element_type=\"section\" data-e-type=\"section\">\n\t\t\t\t\t\t<div class=\"elementor-container elementor-column-gap-default\">\n\t\t\t\t\t<div class=\"elementor-column elementor-col-100 elementor-top-column elementor-element elementor-element-657feca\" data-id=\"657feca\" data-element_type=\"column\" data-e-type=\"column\">\n\t\t\t<div class=\"elementor-widget-wrap elementor-element-populated\">\n\t\t\t\t\t\t<div class=\"elementor-element elementor-element-5324cf1 elementor-align-left elementor-widget elementor-widget-button\" data-id=\"5324cf1\" data-element_type=\"widget\" data-e-type=\"widget\" data-widget_type=\"button.default\">\n\t\t\t\t<div class=\"elementor-widget-container\">\n\t\t\t\t\t\t\t\t\t<div class=\"elementor-button-wrapper\">\n\t\t\t\t\t<a class=\"elementor-button elementor-button-link elementor-size-sm\" href=\"https:\/\/www.explorefaialisland.com\/en\/discover\/history\/\">\n\t\t\t\t\t\t<span class=\"elementor-button-content-wrapper\">\n\t\t\t\t\t\t<span class=\"elementor-button-icon\">\n\t\t\t\t<i aria-hidden=\"true\" class=\"fas fa-long-arrow-alt-left\"><\/i>\t\t\t<\/span>\n\t\t\t\t\t\t\t\t\t<span class=\"elementor-button-text\">History<\/span>\n\t\t\t\t\t<\/span>\n\t\t\t\t\t<\/a>\n\t\t\t\t<\/div>\n\t\t\t\t\t\t\t\t<\/div>\n\t\t\t\t<\/div>\n\t\t\t\t<div class=\"elementor-element elementor-element-db2becf elementor-widget elementor-widget-heading\" data-id=\"db2becf\" data-element_type=\"widget\" data-e-type=\"widget\" data-widget_type=\"heading.default\">\n\t\t\t\t<div class=\"elementor-widget-container\">\n\t\t\t\t\t<h1 class=\"elementor-heading-title elementor-size-default\">Dabney Family 1804-1892<\/h1>\t\t\t\t<\/div>\n\t\t\t\t<\/div>\n\t\t\t\t<div class=\"elementor-element elementor-element-b55900e sub-titulos elementor-widget elementor-widget-text-editor\" data-id=\"b55900e\" data-element_type=\"widget\" data-e-type=\"widget\" data-widget_type=\"text-editor.default\">\n\t\t\t\t<div class=\"elementor-widget-container\">\n\t\t\t\t\t\t\t\t\t<p>Entrepreneurs, diplomats, cultured, educated and generous, the Dabney family marked the history of the island of Faial for three generations.<\/p>\n\t\t\t\t\t\t\t\t<\/div>\n\t\t\t\t<\/div>\n\t\t\t\t<div class=\"elementor-element elementor-element-8dd9bae elementor-widget elementor-widget-image\" data-id=\"8dd9bae\" data-element_type=\"widget\" data-e-type=\"widget\" data-widget_type=\"image.default\">\n\t\t\t\t<div class=\"elementor-widget-container\">\n\t\t\t\t\t\t\t\t\t\t\t\t\t\t\t<img decoding=\"async\" width=\"300\" height=\"143\" src=\"https:\/\/www.explorefaialisland.com\/wp-content\/uploads\/2022\/10\/dabney-Biblioteca-Pu\u0301blica-Ponta-Delgada.webp\" class=\"attachment-full size-full wp-image-1725\" alt=\"\" srcset=\"https:\/\/www.explorefaialisland.com\/wp-content\/uploads\/2022\/10\/dabney-Biblioteca-Pu\u0301blica-Ponta-Delgada.webp 300w, https:\/\/www.explorefaialisland.com\/wp-content\/uploads\/2022\/10\/dabney-Biblioteca-Pu\u0301blica-Ponta-Delgada-240x114.webp 240w\" sizes=\"(max-width: 300px) 100vw, 300px\" \/>\t\t\t\t\t\t\t\t\t\t\t\t\t\t\t<\/div>\n\t\t\t\t<\/div>\n\t\t\t\t<div class=\"elementor-element elementor-element-997d11b elementor-widget elementor-widget-text-editor\" data-id=\"997d11b\" data-element_type=\"widget\" data-e-type=\"widget\" data-widget_type=\"text-editor.default\">\n\t\t\t\t<div class=\"elementor-widget-container\">\n\t\t\t\t\t\t\t\t\t<p>Na diplomacia, a John Bass Dabney, nomeado C\u00f4nsul Geral dos Estados Unidos da Am\u00e9rica nos A\u00e7ores, em 1806, sucede o seu filho Charles William Dabney, em 1826 e mais tarde o neto, Samuel Wyllys Dabney, em 1872.<\/p>\n<p>Nos neg\u00f3cios incrementaram o movimento do porto da Horta atrav\u00e9s da importa\u00e7\u00e3o e exporta\u00e7\u00e3o, sobretudo do vinho do Pico mas tamb\u00e9m da aguardente, laranja e \u00f3leo de baleia, do abastecimento de baleeiras, do fornecimento do carv\u00e3o e da repara\u00e7\u00e3o de navios, assegurando ainda a liga\u00e7\u00e3o entre os A\u00e7ores e os Estados Unidos da Am\u00e9rica.<\/p>\n<p>Em tempos dif\u00edceis, auxiliaram a popula\u00e7\u00e3o faialense assolada por crises alimentares e mediaram conflitos locais, nomeadamente durante as lutas entre liberais e miguelistas. A hospitalidade com que receberam em suas casas, naturalistas, viajantes, jornalistas e ilustres figuras da realeza, tornaram c\u00e9lebres os bailes e saraus proporcionados, designadamente as festas em honra de D. Pedro IV no ano de 1832 e do Pr\u00edncipe D. Lu\u00eds, por ocasi\u00e3o da sua visita ao Faial em 1858.<\/p>\n<p>Do Patrim\u00f3nio edificado, foram reabilitadas duas das tr\u00eas moradias outrora pertencentes a esta fam\u00edlia: A Fred\u00f3nia, adquirida por Charles Dabney em 1835, hoje sede da institui\u00e7\u00e3o O Castelinho e The Cedars mandada construir em 1851 por John Pomery Dabney, servindo atualmente de resid\u00eancia oficial do Presidente da Assembleia Lesgislativa da Regi\u00e3o Aut\u00f3noma dos A\u00e7ores.<\/p>\n<p>Ap\u00f3s cerca de oitenta anos de perman\u00eancia na ilha do Faial, a fam\u00edlia Dabney, despediu-se. No cemit\u00e9rio municipal, viradas para o canal e montanha do Pico, ficaram as sepulturas dos seus entes mais queridos.<\/p>\n\t\t\t\t\t\t\t\t<\/div>\n\t\t\t\t<\/div>\n\t\t\t\t\t<\/div>\n\t\t<\/div>\n\t\t\t\t\t<\/div>\n\t\t<\/section>\n\t\t\t\t<\/div>\n\t\t","protected":false},"excerpt":{"rendered":"<p>History Entrepreneurs, diplomats, cultured, educated and generous, the Dabney family marked the history of the island of Faial for three generations. Na diplomacia, a John Bass Dabney, nomeado C\u00f4nsul Geral dos Estados Unidos da Am\u00e9rica nos A\u00e7ores, em 1806, sucede o seu filho Charles William Dabney, em 1826 e mais tarde o neto, Samuel Wyllys [&hellip;]<\/p>\n","protected":false},"author":2,"featured_media":3624,"parent":4929,"menu_order":0,"comment_status":"closed","ping_status":"closed","template":"","meta":{"footnotes":"","_links_to":"","_links_to_target":""},"class_list":["post-4999","page","type-page","status-publish","has-post-thumbnail","hentry"],"_links":{"self":[{"href":"https:\/\/www.explorefaialisland.com\/en\/wp-json\/wp\/v2\/pages\/4999","targetHints":{"allow":["GET"]}}],"collection":[{"href":"https:\/\/www.explorefaialisland.com\/en\/wp-json\/wp\/v2\/pages"}],"about":[{"href":"https:\/\/www.explorefaialisland.com\/en\/wp-json\/wp\/v2\/types\/page"}],"author":[{"embeddable":true,"href":"https:\/\/www.explorefaialisland.com\/en\/wp-json\/wp\/v2\/users\/2"}],"replies":[{"embeddable":true,"href":"https:\/\/www.explorefaialisland.com\/en\/wp-json\/wp\/v2\/comments?post=4999"}],"version-history":[{"count":0,"href":"https:\/\/www.explorefaialisland.com\/en\/wp-json\/wp\/v2\/pages\/4999\/revisions"}],"up":[{"embeddable":true,"href":"https:\/\/www.explorefaialisland.com\/en\/wp-json\/wp\/v2\/pages\/4929"}],"wp:featuredmedia":[{"embeddable":true,"href":"https:\/\/www.explorefaialisland.com\/en\/wp-json\/wp\/v2\/media\/3624"}],"wp:attachment":[{"href":"https:\/\/www.explorefaialisland.com\/en\/wp-json\/wp\/v2\/media?parent=4999"}],"curies":[{"name":"wp","href":"https:\/\/api.w.org\/{rel}","templated":true}]}}