{"id":4995,"date":"2022-11-15T16:33:09","date_gmt":"2022-11-15T16:33:09","guid":{"rendered":"https:\/\/www.explorefaial.com\/about-faial\/whaling\/"},"modified":"2023-01-24T10:26:34","modified_gmt":"2023-01-24T10:26:34","slug":"whaling","status":"publish","type":"page","link":"https:\/\/www.explorefaialisland.com\/en\/about-faial\/whaling\/","title":{"rendered":"Whaling"},"content":{"rendered":"\t\t<div data-elementor-type=\"wp-page\" data-elementor-id=\"4995\" class=\"elementor elementor-4995 elementor-2982\" data-elementor-post-type=\"page\">\n\t\t\t\t\t\t<section class=\"elementor-section elementor-top-section elementor-element elementor-element-b24c993 header01 elementor-section-boxed elementor-section-height-default elementor-section-height-default\" data-id=\"b24c993\" data-element_type=\"section\" data-e-type=\"section\" data-settings=\"{&quot;background_background&quot;:&quot;classic&quot;}\">\n\t\t\t\t\t\t<div class=\"elementor-container elementor-column-gap-default\">\n\t\t\t\t\t<div class=\"elementor-column elementor-col-100 elementor-top-column elementor-element elementor-element-2af4c80\" data-id=\"2af4c80\" data-element_type=\"column\" data-e-type=\"column\">\n\t\t\t<div class=\"elementor-widget-wrap\">\n\t\t\t\t\t\t\t<\/div>\n\t\t<\/div>\n\t\t\t\t\t<\/div>\n\t\t<\/section>\n\t\t\t\t<section class=\"elementor-section elementor-top-section elementor-element elementor-element-93c6c37 elementor-section-boxed elementor-section-height-default elementor-section-height-default\" data-id=\"93c6c37\" data-element_type=\"section\" data-e-type=\"section\">\n\t\t\t\t\t\t<div class=\"elementor-container elementor-column-gap-default\">\n\t\t\t\t\t<div class=\"elementor-column elementor-col-100 elementor-top-column elementor-element elementor-element-657feca\" data-id=\"657feca\" data-element_type=\"column\" data-e-type=\"column\">\n\t\t\t<div class=\"elementor-widget-wrap elementor-element-populated\">\n\t\t\t\t\t\t<div class=\"elementor-element elementor-element-5324cf1 elementor-align-left elementor-widget elementor-widget-button\" data-id=\"5324cf1\" data-element_type=\"widget\" data-e-type=\"widget\" data-widget_type=\"button.default\">\n\t\t\t\t<div class=\"elementor-widget-container\">\n\t\t\t\t\t\t\t\t\t<div class=\"elementor-button-wrapper\">\n\t\t\t\t\t<a class=\"elementor-button elementor-button-link elementor-size-sm\" href=\"https:\/\/www.explorefaialisland.com\/en\/discover\/history\/\">\n\t\t\t\t\t\t<span class=\"elementor-button-content-wrapper\">\n\t\t\t\t\t\t<span class=\"elementor-button-icon\">\n\t\t\t\t<i aria-hidden=\"true\" class=\"fas fa-long-arrow-alt-left\"><\/i>\t\t\t<\/span>\n\t\t\t\t\t\t\t\t\t<span class=\"elementor-button-text\">History<\/span>\n\t\t\t\t\t<\/span>\n\t\t\t\t\t<\/a>\n\t\t\t\t<\/div>\n\t\t\t\t\t\t\t\t<\/div>\n\t\t\t\t<\/div>\n\t\t\t\t<div class=\"elementor-element elementor-element-db2becf elementor-widget elementor-widget-heading\" data-id=\"db2becf\" data-element_type=\"widget\" data-e-type=\"widget\" data-widget_type=\"heading.default\">\n\t\t\t\t<div class=\"elementor-widget-container\">\n\t\t\t\t\t<h1 class=\"elementor-heading-title elementor-size-default\">Whaling<\/h1>\t\t\t\t<\/div>\n\t\t\t\t<\/div>\n\t\t\t\t<div class=\"elementor-element elementor-element-b55900e sub-titulos elementor-widget elementor-widget-text-editor\" data-id=\"b55900e\" data-element_type=\"widget\" data-e-type=\"widget\" data-widget_type=\"text-editor.default\">\n\t\t\t\t<div class=\"elementor-widget-container\">\n\t\t\t\t\t\t\t\t\t<p><span lang=\"EN-GB\"><span style=\"color: #333333; font-family: Montserrat, Montserrat_EmbeddedFont, Montserrat_MSFontService, sans-serif;\">With great importance for the economy of the islands, mainly Faial and Pico, whaling developed <\/span><\/span>essentially\u00a0<span lang=\"EN-GB\">during the second half of the 19th century.<\/span>\u00a0<\/p>\t\t\t\t\t\t\t\t<\/div>\n\t\t\t\t<\/div>\n\t\t\t\t<div class=\"elementor-element elementor-element-8dd9bae elementor-widget elementor-widget-image\" data-id=\"8dd9bae\" data-element_type=\"widget\" data-e-type=\"widget\" data-widget_type=\"image.default\">\n\t\t\t\t<div class=\"elementor-widget-container\">\n\t\t\t\t\t\t\t\t\t\t\t\t\t\t\t<img fetchpriority=\"high\" decoding=\"async\" width=\"768\" height=\"454\" src=\"https:\/\/www.explorefaialisland.com\/wp-content\/uploads\/2022\/10\/baleac\u0327a\u0303o-1-cmh-768x454.jpeg\" class=\"attachment-medium_large size-medium_large wp-image-1721\" alt=\"\" srcset=\"https:\/\/www.explorefaialisland.com\/wp-content\/uploads\/2022\/10\/baleac\u0327a\u0303o-1-cmh-768x454.jpeg 768w, https:\/\/www.explorefaialisland.com\/wp-content\/uploads\/2022\/10\/baleac\u0327a\u0303o-1-cmh-300x178.jpeg 300w, https:\/\/www.explorefaialisland.com\/wp-content\/uploads\/2022\/10\/baleac\u0327a\u0303o-1-cmh-1024x606.jpeg 1024w, https:\/\/www.explorefaialisland.com\/wp-content\/uploads\/2022\/10\/baleac\u0327a\u0303o-1-cmh-1536x909.jpeg 1536w, https:\/\/www.explorefaialisland.com\/wp-content\/uploads\/2022\/10\/baleac\u0327a\u0303o-1-cmh-240x142.jpeg 240w, https:\/\/www.explorefaialisland.com\/wp-content\/uploads\/2022\/10\/baleac\u0327a\u0303o-1-cmh.jpeg 1825w\" sizes=\"(max-width: 768px) 100vw, 768px\" \/>\t\t\t\t\t\t\t\t\t\t\t\t\t\t\t<\/div>\n\t\t\t\t<\/div>\n\t\t\t\t<div class=\"elementor-element elementor-element-997d11b elementor-widget elementor-widget-text-editor\" data-id=\"997d11b\" data-element_type=\"widget\" data-e-type=\"widget\" data-widget_type=\"text-editor.default\">\n\t\t\t\t<div class=\"elementor-widget-container\">\n\t\t\t\t\t\t\t\t\t<p>Do cachalote aproveitava-se tudo. A gordura transformada em \u00f3leo \u00e9 exportada para o estrangeiro para ser usado como combust\u00edvel e lubrificante ou utilizado na ind\u00fastria farmac\u00eautica e de cosm\u00e9tica, no fabrico de sabonetes e perfumes. Os ossos quando transformados em farinha serviam como fertilizantes e ra\u00e7\u00f5es para gado. Quando no interior do cachalote se tinha a sorte de encontrar \u00e2mbar, o lucro da ca\u00e7a duplicava, visto ser um produto muito raro e consequentemente de grande valor comercial.<\/p>\n<p>Tudo come\u00e7ava com o lan\u00e7ar do foguete pelo vigia colocado em pontos altos e que durante horas a fio perscrutava, com o seu bin\u00f3culo o mar \u00e0 procura dos movimentos ou do bufo dos cachalotes. Era o sinal para juntar a tripula\u00e7\u00e3o e lan\u00e7ar os botes ao mar em persegui\u00e7\u00e3o destes mam\u00edferos. Faina que podia durar horas ou at\u00e9 dias.<\/p>\n<p>Vislumbrando uma luta dur\u00edssima e perigosa entre homem e animal, com t\u00e9cnicas arcaicas e embarca\u00e7\u00f5es pequenas e fr\u00e1geis, os sete tripulantes de cada bote faziam-se ao mar, cada um com a sua fun\u00e7\u00e3o bem determinada, muita bravura e ousadia.<\/p>\n<p>O bote baleeiro a\u00e7oriano \u00e9 uma embarca\u00e7\u00e3o \u00fanica e bela pela sua aerodin\u00e2mica, adaptada das canoas que seguiam a bordo dos grandes navios baleeiros americanos no s\u00e9culo XIX e que enchiam a Ba\u00eda da Horta, para aqui receberem como tripulantes os valentes marinheiros das ilhas, ali\u00e1s como descreve Melville no seu famoso Moby Dick\u201d (1851) \u201c Um n\u00e3o pequeno numero de baleeiros procedia dos A\u00e7ores, onde frequentemente, as barcas de Nantucket lan\u00e7avam ancora para completar , com entroncados campesinos dessas ilhas rochosas, as suas tripula\u00e7\u00f5es &#8230;era entre os insulanos que sa\u00edam os melhores baleeiros \u201c<\/p>\n<p>A dimens\u00e3o \u00e9pica da ca\u00e7a \u00e0 baleia nos A\u00e7ores inspirou muitos artistas, historiadores, jornalistas e escritores ao longo de d\u00e9cadas como Raul Brand\u00e3o (Ilhas Deconhecidas); Vitorino Nem\u00e9sio (Mau tempo no Canal); Bernard Venables (Baleia!); Dias de Melo (Mar pela Proa); Ant\u00f3nio Tabucchi (A Mulher de Porto Pim) entre tantos outros.<\/p>\n<p>A ca\u00e7a \u00e0 baleia terminou nos anos oitenta do s\u00e9culo XX mas mant\u00e9m-se o orgulho na hist\u00f3ria da faina e tradi\u00e7\u00e3o baleeira com a recupera\u00e7\u00e3o do seu patrim\u00f3nio com fins culturais como o Museu dos Baleeiros, nas Lages do Pico ou a F\u00e1brica da Baleia de Porto Pim no Faial, ambos de visita obrigat\u00f3ria. Com fins tamb\u00e9m desportivos recuperaram-se botes baleeiros que rivalizam em regatas \u00e0 vela e a remos com equipas das diferentes ilhas ou em regatas internacionais com botes americanos de New Bedford.<\/p>\n<p>A Ca\u00e7a \u00e0 baleia deu lugar ao Whale Watching, contributo para o turismo regional e que de ano para ano v\u00ea crescer o numero de visitantes que n\u00e3o regressam a casa sem antes viver a experi\u00eancia de ver, fotografar e se emocionarem com estes seres do mar, nos A\u00e7ores.<\/p>\n\t\t\t\t\t\t\t\t<\/div>\n\t\t\t\t<\/div>\n\t\t\t\t\t<\/div>\n\t\t<\/div>\n\t\t\t\t\t<\/div>\n\t\t<\/section>\n\t\t\t\t<\/div>\n\t\t","protected":false},"excerpt":{"rendered":"<p>History With great importance for the economy of the islands, mainly Faial and Pico, whaling developed essentially\u00a0during the second half of the 19th century.\u00a0 Do cachalote aproveitava-se tudo. A gordura transformada em \u00f3leo \u00e9 exportada para o estrangeiro para ser usado como combust\u00edvel e lubrificante ou utilizado na ind\u00fastria farmac\u00eautica e de cosm\u00e9tica, no fabrico [&hellip;]<\/p>\n","protected":false},"author":1,"featured_media":3624,"parent":4929,"menu_order":0,"comment_status":"closed","ping_status":"closed","template":"","meta":{"footnotes":"","_links_to":"","_links_to_target":""},"class_list":["post-4995","page","type-page","status-publish","has-post-thumbnail","hentry"],"_links":{"self":[{"href":"https:\/\/www.explorefaialisland.com\/en\/wp-json\/wp\/v2\/pages\/4995","targetHints":{"allow":["GET"]}}],"collection":[{"href":"https:\/\/www.explorefaialisland.com\/en\/wp-json\/wp\/v2\/pages"}],"about":[{"href":"https:\/\/www.explorefaialisland.com\/en\/wp-json\/wp\/v2\/types\/page"}],"author":[{"embeddable":true,"href":"https:\/\/www.explorefaialisland.com\/en\/wp-json\/wp\/v2\/users\/1"}],"replies":[{"embeddable":true,"href":"https:\/\/www.explorefaialisland.com\/en\/wp-json\/wp\/v2\/comments?post=4995"}],"version-history":[{"count":0,"href":"https:\/\/www.explorefaialisland.com\/en\/wp-json\/wp\/v2\/pages\/4995\/revisions"}],"up":[{"embeddable":true,"href":"https:\/\/www.explorefaialisland.com\/en\/wp-json\/wp\/v2\/pages\/4929"}],"wp:featuredmedia":[{"embeddable":true,"href":"https:\/\/www.explorefaialisland.com\/en\/wp-json\/wp\/v2\/media\/3624"}],"wp:attachment":[{"href":"https:\/\/www.explorefaialisland.com\/en\/wp-json\/wp\/v2\/media?parent=4995"}],"curies":[{"name":"wp","href":"https:\/\/api.w.org\/{rel}","templated":true}]}}