{"id":4946,"date":"2022-09-29T14:32:49","date_gmt":"2022-09-29T14:32:49","guid":{"rendered":"https:\/\/www.explorefaial.com\/plan-your-trip\/"},"modified":"2023-01-17T21:47:56","modified_gmt":"2023-01-17T21:47:56","slug":"plan-your-trip","status":"publish","type":"page","link":"https:\/\/www.explorefaialisland.com\/en\/plan-your-trip\/","title":{"rendered":"Plan your trip"},"content":{"rendered":"\t\t<div data-elementor-type=\"wp-page\" data-elementor-id=\"4946\" class=\"elementor elementor-4946 elementor-1291\" data-elementor-post-type=\"page\">\n\t\t\t\t\t\t<section class=\"elementor-section elementor-top-section elementor-element elementor-element-6b4f953 header01 elementor-section-boxed elementor-section-height-default elementor-section-height-default\" data-id=\"6b4f953\" data-element_type=\"section\" data-e-type=\"section\" data-settings=\"{&quot;background_background&quot;:&quot;classic&quot;}\">\n\t\t\t\t\t\t<div class=\"elementor-container elementor-column-gap-default\">\n\t\t\t\t\t<div class=\"elementor-column elementor-col-100 elementor-top-column elementor-element elementor-element-ce5f814\" data-id=\"ce5f814\" data-element_type=\"column\" data-e-type=\"column\">\n\t\t\t<div class=\"elementor-widget-wrap\">\n\t\t\t\t\t\t\t<\/div>\n\t\t<\/div>\n\t\t\t\t\t<\/div>\n\t\t<\/section>\n\t\t\t\t<section class=\"elementor-section elementor-top-section elementor-element elementor-element-9dd067f elementor-section-boxed elementor-section-height-default elementor-section-height-default\" data-id=\"9dd067f\" data-element_type=\"section\" data-e-type=\"section\">\n\t\t\t\t\t\t<div class=\"elementor-container elementor-column-gap-default\">\n\t\t\t\t\t<div class=\"elementor-column elementor-col-100 elementor-top-column elementor-element elementor-element-ca9c861\" data-id=\"ca9c861\" data-element_type=\"column\" data-e-type=\"column\">\n\t\t\t<div class=\"elementor-widget-wrap elementor-element-populated\">\n\t\t\t\t\t\t<div class=\"elementor-element elementor-element-07409d6 elementor-widget elementor-widget-heading\" data-id=\"07409d6\" data-element_type=\"widget\" data-e-type=\"widget\" data-widget_type=\"heading.default\">\n\t\t\t\t<div class=\"elementor-widget-container\">\n\t\t\t\t\t<h1 class=\"elementor-heading-title elementor-size-default\">Plan your trip<\/h1>\t\t\t\t<\/div>\n\t\t\t\t<\/div>\n\t\t\t\t<section class=\"elementor-section elementor-inner-section elementor-element elementor-element-d087c34 elementor-section-content-middle elementor-reverse-mobile elementor-section-boxed elementor-section-height-default elementor-section-height-default\" data-id=\"d087c34\" data-element_type=\"section\" data-e-type=\"section\">\n\t\t\t\t\t\t<div class=\"elementor-container elementor-column-gap-default\">\n\t\t\t\t\t<div class=\"elementor-column elementor-col-50 elementor-inner-column elementor-element elementor-element-22fb6c2\" data-id=\"22fb6c2\" data-element_type=\"column\" data-e-type=\"column\">\n\t\t\t<div class=\"elementor-widget-wrap elementor-element-populated\">\n\t\t\t\t\t\t<div class=\"elementor-element elementor-element-c6057b5 elementor-widget elementor-widget-heading\" data-id=\"c6057b5\" data-element_type=\"widget\" data-e-type=\"widget\" data-widget_type=\"heading.default\">\n\t\t\t\t<div class=\"elementor-widget-container\">\n\t\t\t\t\t<h2 class=\"elementor-heading-title elementor-size-default\">Useful Tips<\/h2>\t\t\t\t<\/div>\n\t\t\t\t<\/div>\n\t\t\t\t<div class=\"elementor-element elementor-element-a6476fd elementor-widget elementor-widget-text-editor\" data-id=\"a6476fd\" data-element_type=\"widget\" data-e-type=\"widget\" data-widget_type=\"text-editor.default\">\n\t\t\t\t<div class=\"elementor-widget-container\">\n\t\t\t\t\t\t\t\t\t<p>The fun starts even before setting off on to the adventure; it starts when we begin planning where to go, how to get there; what to see and where to stay.<\/p>\n\t\t\t\t\t\t\t\t<\/div>\n\t\t\t\t<\/div>\n\t\t\t\t<div class=\"elementor-element elementor-element-5242604 elementor-mobile-align-center elementor-widget elementor-widget-button\" data-id=\"5242604\" data-element_type=\"widget\" data-e-type=\"widget\" data-widget_type=\"button.default\">\n\t\t\t\t<div class=\"elementor-widget-container\">\n\t\t\t\t\t\t\t\t\t<div class=\"elementor-button-wrapper\">\n\t\t\t\t\t<a class=\"elementor-button elementor-button-link elementor-size-sm\" href=\"https:\/\/www.explorefaialisland.com\/en\/plan-your-trip\/useful-tips\/\">\n\t\t\t\t\t\t<span class=\"elementor-button-content-wrapper\">\n\t\t\t\t\t\t<span class=\"elementor-button-icon\">\n\t\t\t\t<i aria-hidden=\"true\" class=\"fas fa-long-arrow-alt-right\"><\/i>\t\t\t<\/span>\n\t\t\t\t\t\t\t\t\t<span class=\"elementor-button-text\">Find out more<\/span>\n\t\t\t\t\t<\/span>\n\t\t\t\t\t<\/a>\n\t\t\t\t<\/div>\n\t\t\t\t\t\t\t\t<\/div>\n\t\t\t\t<\/div>\n\t\t\t\t\t<\/div>\n\t\t<\/div>\n\t\t\t\t<div class=\"elementor-column elementor-col-50 elementor-inner-column elementor-element elementor-element-ab9cca9\" data-id=\"ab9cca9\" data-element_type=\"column\" data-e-type=\"column\">\n\t\t\t<div class=\"elementor-widget-wrap elementor-element-populated\">\n\t\t\t\t\t\t<div class=\"elementor-element elementor-element-c158be1 elementor-widget elementor-widget-image\" data-id=\"c158be1\" data-element_type=\"widget\" data-e-type=\"widget\" data-widget_type=\"image.default\">\n\t\t\t\t<div class=\"elementor-widget-container\">\n\t\t\t\t\t\t\t\t\t\t\t\t\t\t\t\t<a href=\"https:\/\/www.explorefaialisland.com\/planear\/dicas-uteis\/\">\n\t\t\t\t\t\t\t<img fetchpriority=\"high\" decoding=\"async\" width=\"1920\" height=\"631\" src=\"https:\/\/www.explorefaialisland.com\/wp-content\/uploads\/2022\/11\/header06.jpg\" class=\"attachment-full size-full wp-image-2040\" alt=\"\" srcset=\"https:\/\/www.explorefaialisland.com\/wp-content\/uploads\/2022\/11\/header06.jpg 1920w, https:\/\/www.explorefaialisland.com\/wp-content\/uploads\/2022\/11\/header06-300x99.jpg 300w, https:\/\/www.explorefaialisland.com\/wp-content\/uploads\/2022\/11\/header06-1024x337.jpg 1024w, https:\/\/www.explorefaialisland.com\/wp-content\/uploads\/2022\/11\/header06-768x252.jpg 768w, https:\/\/www.explorefaialisland.com\/wp-content\/uploads\/2022\/11\/header06-1536x505.jpg 1536w, https:\/\/www.explorefaialisland.com\/wp-content\/uploads\/2022\/11\/header06-240x79.jpg 240w\" sizes=\"(max-width: 1920px) 100vw, 1920px\" \/>\t\t\t\t\t\t\t\t<\/a>\n\t\t\t\t\t\t\t\t\t\t\t\t\t\t\t<\/div>\n\t\t\t\t<\/div>\n\t\t\t\t\t<\/div>\n\t\t<\/div>\n\t\t\t\t\t<\/div>\n\t\t<\/section>\n\t\t\t\t<section class=\"elementor-section elementor-inner-section elementor-element elementor-element-2a82764 elementor-section-content-middle elementor-section-boxed elementor-section-height-default elementor-section-height-default\" data-id=\"2a82764\" data-element_type=\"section\" data-e-type=\"section\">\n\t\t\t\t\t\t<div class=\"elementor-container elementor-column-gap-default\">\n\t\t\t\t\t<div class=\"elementor-column elementor-col-50 elementor-inner-column elementor-element elementor-element-b13c61d\" data-id=\"b13c61d\" data-element_type=\"column\" data-e-type=\"column\">\n\t\t\t<div class=\"elementor-widget-wrap elementor-element-populated\">\n\t\t\t\t\t\t<div class=\"elementor-element elementor-element-b4e23fa elementor-widget elementor-widget-image\" data-id=\"b4e23fa\" data-element_type=\"widget\" data-e-type=\"widget\" data-widget_type=\"image.default\">\n\t\t\t\t<div class=\"elementor-widget-container\">\n\t\t\t\t\t\t\t\t\t\t\t\t\t\t\t\t<a href=\"https:\/\/www.explorefaialisland.com\/planear\/transportes\/\">\n\t\t\t\t\t\t\t<img decoding=\"async\" width=\"1920\" height=\"631\" src=\"https:\/\/www.explorefaialisland.com\/wp-content\/uploads\/2022\/11\/header05.jpg\" class=\"attachment-full size-full wp-image-2006\" alt=\"\" srcset=\"https:\/\/www.explorefaialisland.com\/wp-content\/uploads\/2022\/11\/header05.jpg 1920w, https:\/\/www.explorefaialisland.com\/wp-content\/uploads\/2022\/11\/header05-300x99.jpg 300w, https:\/\/www.explorefaialisland.com\/wp-content\/uploads\/2022\/11\/header05-1024x337.jpg 1024w, https:\/\/www.explorefaialisland.com\/wp-content\/uploads\/2022\/11\/header05-768x252.jpg 768w, https:\/\/www.explorefaialisland.com\/wp-content\/uploads\/2022\/11\/header05-1536x505.jpg 1536w, https:\/\/www.explorefaialisland.com\/wp-content\/uploads\/2022\/11\/header05-240x79.jpg 240w\" sizes=\"(max-width: 1920px) 100vw, 1920px\" \/>\t\t\t\t\t\t\t\t<\/a>\n\t\t\t\t\t\t\t\t\t\t\t\t\t\t\t<\/div>\n\t\t\t\t<\/div>\n\t\t\t\t\t<\/div>\n\t\t<\/div>\n\t\t\t\t<div class=\"elementor-column elementor-col-50 elementor-inner-column elementor-element elementor-element-920504d\" data-id=\"920504d\" data-element_type=\"column\" data-e-type=\"column\">\n\t\t\t<div class=\"elementor-widget-wrap elementor-element-populated\">\n\t\t\t\t\t\t<div class=\"elementor-element elementor-element-fe838a8 elementor-widget elementor-widget-heading\" data-id=\"fe838a8\" data-element_type=\"widget\" data-e-type=\"widget\" data-widget_type=\"heading.default\">\n\t\t\t\t<div class=\"elementor-widget-container\">\n\t\t\t\t\t<h2 class=\"elementor-heading-title elementor-size-default\">Transport<\/h2>\t\t\t\t<\/div>\n\t\t\t\t<\/div>\n\t\t\t\t<div class=\"elementor-element elementor-element-7b02fc2 elementor-widget elementor-widget-text-editor\" data-id=\"7b02fc2\" data-element_type=\"widget\" data-e-type=\"widget\" data-widget_type=\"text-editor.default\">\n\t\t\t\t<div class=\"elementor-widget-container\">\n\t\t\t\t\t\t\t\t\t<p>A Ilha do Faial apresenta liga\u00e7\u00f5es regulares de avi\u00e3o, dispondo de um aeroporto internacional, sendo a via a\u00e9rea a forma principal de chegada<\/p>\n\t\t\t\t\t\t\t\t<\/div>\n\t\t\t\t<\/div>\n\t\t\t\t<div class=\"elementor-element elementor-element-d60d922 elementor-mobile-align-center elementor-align-right elementor-widget elementor-widget-button\" data-id=\"d60d922\" data-element_type=\"widget\" data-e-type=\"widget\" data-widget_type=\"button.default\">\n\t\t\t\t<div class=\"elementor-widget-container\">\n\t\t\t\t\t\t\t\t\t<div class=\"elementor-button-wrapper\">\n\t\t\t\t\t<a class=\"elementor-button elementor-button-link elementor-size-sm\" href=\"https:\/\/www.explorefaialisland.com\/en\/plan-your-trip\/transport\/\">\n\t\t\t\t\t\t<span class=\"elementor-button-content-wrapper\">\n\t\t\t\t\t\t<span class=\"elementor-button-icon\">\n\t\t\t\t<i aria-hidden=\"true\" class=\"fas fa-long-arrow-alt-left\"><\/i>\t\t\t<\/span>\n\t\t\t\t\t\t\t\t\t<span class=\"elementor-button-text\">Find out more<\/span>\n\t\t\t\t\t<\/span>\n\t\t\t\t\t<\/a>\n\t\t\t\t<\/div>\n\t\t\t\t\t\t\t\t<\/div>\n\t\t\t\t<\/div>\n\t\t\t\t\t<\/div>\n\t\t<\/div>\n\t\t\t\t\t<\/div>\n\t\t<\/section>\n\t\t\t\t<section class=\"elementor-section elementor-inner-section elementor-element elementor-element-144096b elementor-section-content-middle elementor-reverse-mobile elementor-section-boxed elementor-section-height-default elementor-section-height-default\" data-id=\"144096b\" data-element_type=\"section\" data-e-type=\"section\">\n\t\t\t\t\t\t<div class=\"elementor-container elementor-column-gap-default\">\n\t\t\t\t\t<div class=\"elementor-column elementor-col-50 elementor-inner-column elementor-element elementor-element-9a63dd9\" data-id=\"9a63dd9\" data-element_type=\"column\" data-e-type=\"column\">\n\t\t\t<div class=\"elementor-widget-wrap elementor-element-populated\">\n\t\t\t\t\t\t<div class=\"elementor-element elementor-element-d901fca elementor-widget elementor-widget-heading\" data-id=\"d901fca\" data-element_type=\"widget\" data-e-type=\"widget\" data-widget_type=\"heading.default\">\n\t\t\t\t<div class=\"elementor-widget-container\">\n\t\t\t\t\t<h2 class=\"elementor-heading-title elementor-size-default\">Accommodation<\/h2>\t\t\t\t<\/div>\n\t\t\t\t<\/div>\n\t\t\t\t<div class=\"elementor-element elementor-element-462edc0 elementor-widget elementor-widget-text-editor\" data-id=\"462edc0\" data-element_type=\"widget\" data-e-type=\"widget\" data-widget_type=\"text-editor.default\">\n\t\t\t\t<div class=\"elementor-widget-container\">\n\t\t\t\t\t\t\t\t\t<p>A ilha oferece grande diversidade de alojamento local, desde apartamentos, moradias, com vistas panor\u00e2micas ou citadinas, e com todas as condi\u00e7\u00f5es para uma estadia confort\u00e1vel e privativa.<\/p>\n\t\t\t\t\t\t\t\t<\/div>\n\t\t\t\t<\/div>\n\t\t\t\t<div class=\"elementor-element elementor-element-9731101 elementor-mobile-align-center elementor-widget elementor-widget-button\" data-id=\"9731101\" data-element_type=\"widget\" data-e-type=\"widget\" data-widget_type=\"button.default\">\n\t\t\t\t<div class=\"elementor-widget-container\">\n\t\t\t\t\t\t\t\t\t<div class=\"elementor-button-wrapper\">\n\t\t\t\t\t<a class=\"elementor-button elementor-button-link elementor-size-sm\" href=\"https:\/\/www.explorefaialisland.com\/en\/plan-your-trip\/accommodation\/\">\n\t\t\t\t\t\t<span class=\"elementor-button-content-wrapper\">\n\t\t\t\t\t\t<span class=\"elementor-button-icon\">\n\t\t\t\t<i aria-hidden=\"true\" class=\"fas fa-long-arrow-alt-right\"><\/i>\t\t\t<\/span>\n\t\t\t\t\t\t\t\t\t<span class=\"elementor-button-text\">Find out more<\/span>\n\t\t\t\t\t<\/span>\n\t\t\t\t\t<\/a>\n\t\t\t\t<\/div>\n\t\t\t\t\t\t\t\t<\/div>\n\t\t\t\t<\/div>\n\t\t\t\t\t<\/div>\n\t\t<\/div>\n\t\t\t\t<div class=\"elementor-column elementor-col-50 elementor-inner-column elementor-element elementor-element-5c18091\" data-id=\"5c18091\" data-element_type=\"column\" data-e-type=\"column\">\n\t\t\t<div class=\"elementor-widget-wrap elementor-element-populated\">\n\t\t\t\t\t\t<div class=\"elementor-element elementor-element-63044d5 elementor-widget elementor-widget-image\" data-id=\"63044d5\" data-element_type=\"widget\" data-e-type=\"widget\" data-widget_type=\"image.default\">\n\t\t\t\t<div class=\"elementor-widget-container\">\n\t\t\t\t\t\t\t\t\t\t\t\t\t\t\t\t<a href=\"https:\/\/www.explorefaialisland.com\/planear\/alojamentos\/\">\n\t\t\t\t\t\t\t<img decoding=\"async\" width=\"1920\" height=\"631\" src=\"https:\/\/www.explorefaialisland.com\/wp-content\/uploads\/2022\/11\/header04-1.jpg\" class=\"attachment-full size-full wp-image-2012\" alt=\"\" srcset=\"https:\/\/www.explorefaialisland.com\/wp-content\/uploads\/2022\/11\/header04-1.jpg 1920w, https:\/\/www.explorefaialisland.com\/wp-content\/uploads\/2022\/11\/header04-1-300x99.jpg 300w, https:\/\/www.explorefaialisland.com\/wp-content\/uploads\/2022\/11\/header04-1-1024x337.jpg 1024w, https:\/\/www.explorefaialisland.com\/wp-content\/uploads\/2022\/11\/header04-1-768x252.jpg 768w, https:\/\/www.explorefaialisland.com\/wp-content\/uploads\/2022\/11\/header04-1-1536x505.jpg 1536w, https:\/\/www.explorefaialisland.com\/wp-content\/uploads\/2022\/11\/header04-1-240x79.jpg 240w\" sizes=\"(max-width: 1920px) 100vw, 1920px\" \/>\t\t\t\t\t\t\t\t<\/a>\n\t\t\t\t\t\t\t\t\t\t\t\t\t\t\t<\/div>\n\t\t\t\t<\/div>\n\t\t\t\t\t<\/div>\n\t\t<\/div>\n\t\t\t\t\t<\/div>\n\t\t<\/section>\n\t\t\t\t<section class=\"elementor-section elementor-inner-section elementor-element elementor-element-268874e elementor-section-content-middle elementor-section-boxed elementor-section-height-default elementor-section-height-default\" data-id=\"268874e\" data-element_type=\"section\" data-e-type=\"section\">\n\t\t\t\t\t\t<div class=\"elementor-container elementor-column-gap-default\">\n\t\t\t\t\t<div class=\"elementor-column elementor-col-50 elementor-inner-column elementor-element elementor-element-bc525d0\" data-id=\"bc525d0\" data-element_type=\"column\" data-e-type=\"column\">\n\t\t\t<div class=\"elementor-widget-wrap elementor-element-populated\">\n\t\t\t\t\t\t<div class=\"elementor-element elementor-element-8643de3 elementor-widget elementor-widget-image\" data-id=\"8643de3\" data-element_type=\"widget\" data-e-type=\"widget\" data-widget_type=\"image.default\">\n\t\t\t\t<div class=\"elementor-widget-container\">\n\t\t\t\t\t\t\t\t\t\t\t\t\t\t\t\t<a href=\"https:\/\/www.explorefaialisland.com\/planear\/onde-comer\/\">\n\t\t\t\t\t\t\t<img loading=\"lazy\" decoding=\"async\" width=\"1920\" height=\"631\" src=\"https:\/\/www.explorefaialisland.com\/wp-content\/uploads\/2022\/11\/header03.jpg\" class=\"attachment-full size-full wp-image-1834\" alt=\"\" srcset=\"https:\/\/www.explorefaialisland.com\/wp-content\/uploads\/2022\/11\/header03.jpg 1920w, https:\/\/www.explorefaialisland.com\/wp-content\/uploads\/2022\/11\/header03-300x99.jpg 300w, https:\/\/www.explorefaialisland.com\/wp-content\/uploads\/2022\/11\/header03-1024x337.jpg 1024w, https:\/\/www.explorefaialisland.com\/wp-content\/uploads\/2022\/11\/header03-768x252.jpg 768w, https:\/\/www.explorefaialisland.com\/wp-content\/uploads\/2022\/11\/header03-1536x505.jpg 1536w, https:\/\/www.explorefaialisland.com\/wp-content\/uploads\/2022\/11\/header03-240x79.jpg 240w\" sizes=\"(max-width: 1920px) 100vw, 1920px\" \/>\t\t\t\t\t\t\t\t<\/a>\n\t\t\t\t\t\t\t\t\t\t\t\t\t\t\t<\/div>\n\t\t\t\t<\/div>\n\t\t\t\t\t<\/div>\n\t\t<\/div>\n\t\t\t\t<div class=\"elementor-column elementor-col-50 elementor-inner-column elementor-element elementor-element-f3a38d9\" data-id=\"f3a38d9\" data-element_type=\"column\" data-e-type=\"column\">\n\t\t\t<div class=\"elementor-widget-wrap elementor-element-populated\">\n\t\t\t\t\t\t<div class=\"elementor-element elementor-element-428d686 elementor-widget elementor-widget-heading\" data-id=\"428d686\" data-element_type=\"widget\" data-e-type=\"widget\" data-widget_type=\"heading.default\">\n\t\t\t\t<div class=\"elementor-widget-container\">\n\t\t\t\t\t<h2 class=\"elementor-heading-title elementor-size-default\">Restaurants<\/h2>\t\t\t\t<\/div>\n\t\t\t\t<\/div>\n\t\t\t\t<div class=\"elementor-element elementor-element-86361c6 elementor-widget elementor-widget-text-editor\" data-id=\"86361c6\" data-element_type=\"widget\" data-e-type=\"widget\" data-widget_type=\"text-editor.default\">\n\t\t\t\t<div class=\"elementor-widget-container\">\n\t\t\t\t\t\t\t\t\t<p>O concelho da Horta oferece uma rede de Restaurantes bastante variada, onde poder\u00e1 saborear a cozinha faialense.<\/p>\n\t\t\t\t\t\t\t\t<\/div>\n\t\t\t\t<\/div>\n\t\t\t\t<div class=\"elementor-element elementor-element-af802ad elementor-mobile-align-center elementor-align-right elementor-widget elementor-widget-button\" data-id=\"af802ad\" data-element_type=\"widget\" data-e-type=\"widget\" data-widget_type=\"button.default\">\n\t\t\t\t<div class=\"elementor-widget-container\">\n\t\t\t\t\t\t\t\t\t<div class=\"elementor-button-wrapper\">\n\t\t\t\t\t<a class=\"elementor-button elementor-button-link elementor-size-sm\" href=\"https:\/\/www.explorefaialisland.com\/en\/plan-your-trip\/restaurants\/\">\n\t\t\t\t\t\t<span class=\"elementor-button-content-wrapper\">\n\t\t\t\t\t\t<span class=\"elementor-button-icon\">\n\t\t\t\t<i aria-hidden=\"true\" class=\"fas fa-long-arrow-alt-left\"><\/i>\t\t\t<\/span>\n\t\t\t\t\t\t\t\t\t<span class=\"elementor-button-text\">Find out more<\/span>\n\t\t\t\t\t<\/span>\n\t\t\t\t\t<\/a>\n\t\t\t\t<\/div>\n\t\t\t\t\t\t\t\t<\/div>\n\t\t\t\t<\/div>\n\t\t\t\t\t<\/div>\n\t\t<\/div>\n\t\t\t\t\t<\/div>\n\t\t<\/section>\n\t\t\t\t\t<\/div>\n\t\t<\/div>\n\t\t\t\t\t<\/div>\n\t\t<\/section>\n\t\t\t\t<\/div>\n\t\t","protected":false},"excerpt":{"rendered":"<p>Useful Tips The fun starts even before setting off on to the adventure; it starts when we begin planning where to go, how to get there; what to see and where to stay. Find out more Transport A Ilha do Faial apresenta liga\u00e7\u00f5es regulares de avi\u00e3o, dispondo de um aeroporto internacional, sendo a via a\u00e9rea [&hellip;]<\/p>\n","protected":false},"author":1,"featured_media":3913,"parent":0,"menu_order":0,"comment_status":"closed","ping_status":"closed","template":"","meta":{"footnotes":"","_links_to":"","_links_to_target":""},"class_list":["post-4946","page","type-page","status-publish","has-post-thumbnail","hentry"],"_links":{"self":[{"href":"https:\/\/www.explorefaialisland.com\/en\/wp-json\/wp\/v2\/pages\/4946","targetHints":{"allow":["GET"]}}],"collection":[{"href":"https:\/\/www.explorefaialisland.com\/en\/wp-json\/wp\/v2\/pages"}],"about":[{"href":"https:\/\/www.explorefaialisland.com\/en\/wp-json\/wp\/v2\/types\/page"}],"author":[{"embeddable":true,"href":"https:\/\/www.explorefaialisland.com\/en\/wp-json\/wp\/v2\/users\/1"}],"replies":[{"embeddable":true,"href":"https:\/\/www.explorefaialisland.com\/en\/wp-json\/wp\/v2\/comments?post=4946"}],"version-history":[{"count":0,"href":"https:\/\/www.explorefaialisland.com\/en\/wp-json\/wp\/v2\/pages\/4946\/revisions"}],"wp:featuredmedia":[{"embeddable":true,"href":"https:\/\/www.explorefaialisland.com\/en\/wp-json\/wp\/v2\/media\/3913"}],"wp:attachment":[{"href":"https:\/\/www.explorefaialisland.com\/en\/wp-json\/wp\/v2\/media?parent=4946"}],"curies":[{"name":"wp","href":"https:\/\/api.w.org\/{rel}","templated":true}]}}